{"id":801,"date":"2020-04-06T15:59:46","date_gmt":"2020-04-06T14:59:46","guid":{"rendered":"https:\/\/www.agrimoniaicompanyia.com\/?page_id=801"},"modified":"2020-04-16T14:47:28","modified_gmt":"2020-04-16T13:47:28","slug":"diseno-floral-para-bodas-celebraciones-y-eventos-privados","status":"publish","type":"page","link":"https:\/\/www.agrimoniaicompanyia.com\/es\/diseno-floral-para-bodas-celebraciones-y-eventos-privados\/","title":{"rendered":"Dise\u00f1o floral para bodas, celebraciones y eventos privados"},"content":{"rendered":"<div class=\"wpb-content-wrapper\"><p>[vc_row row_type=\u00bbrow\u00bb use_row_as_full_screen_section=\u00bbno\u00bb type=\u00bbfull_width\u00bb text_align=\u00bbleft\u00bb background_animation=\u00bbnone\u00bb css_animation=\u00bb\u00bb css=\u00bb.vc_custom_1583317098183{padding-top: 5% !important;padding-bottom: 5% !important;}\u00bb][vc_column][vc_row_inner row_type=\u00bbrow\u00bb type=\u00bbfull_width\u00bb use_row_as_full_screen_section_slide=\u00bbno\u00bb text_align=\u00bbleft\u00bb css_animation=\u00bb\u00bb][vc_column_inner width=\u00bb1\/3&#8243;][vc_column_text]<\/p>\n<h1>Dise\u00f1o floral para bodas, celebraciones y eventos privados<\/h1>\n<p>[\/vc_column_text][vc_empty_space][vc_column_text]<\/p>\n<p>La clave del \u00e9xito es la empat\u00eda que se crea entre los novios y nosotros.<br \/>\nLa atm\u00f3sfera que tu deseas para tu boda o celebraci\u00f3n se puede materializar.<br \/>\nEl dise\u00f1o floral para la boda es una parte importante a trabajar. Todo se relaciona entre s\u00ed, se escoje,nada desentona. El resultado es que todos est\u00e1n a gusto con el ambiente creado y los arreglos florales han jugado un papel muy importante.<\/p>\n<p>[\/vc_column_text][vc_empty_space height=\u00bb20px\u00bb][\/vc_column_inner][vc_column_inner width=\u00bb1\/3&#8243;][vc_column_text]<\/p>\n<p><img decoding=\"async\" src=\"https:\/\/www.agrimoniaicompanyia.com\/wp-content\/uploads\/2020\/03\/Agrimonia-flors.png\" alt=\"\" width=\"60%\" \/><\/p>\n<p>[\/vc_column_text][vc_empty_space height=\u00bb34px\u00bb][vc_column_text]<\/p>\n<p>Los montajes florales para celebraciones o eventos privados y los complementos necesarios, como por ejemplo el ramo de novia, arreglos florales para la iglesia o para el coche nupcial, detalles para el novio y el resto de los invitados; todo pensado y a conjunto.<\/p>\n<p>[\/vc_column_text][vc_empty_space height=\u00bb20px\u00bb][\/vc_column_inner][vc_column_inner width=\u00bb1\/3&#8243;][vc_column_text]<\/p>\n<p>P\u00eddenos presupuesto llamando al<\/p>\n<p><a href=\"tel:\/\/932172615\">932 172 615<\/a> o al <a href=\"tel:\/\/615290157\">615 290 157<\/a><\/p>\n<p>O escr\u00edbenos a <a href=\"mailto:agrimonia@agrimoniaicompanyia.com\">agrimonia@agrimoniaicompanyia.com<\/a>.<\/p>\n<p>&nbsp;<\/p>\n<p>Tambi\u00e9n nos puedes visitar, previa cita, en Riera de Sant Miquel 65 de Barcelona.<\/p>\n\t\t<a\t\t\t\thref=\"javascript:void(0)\"\r\n\t\t\t\tclass=\"sgpb-show-popup sgpb-popup-id-670\"\r\n\t\tdata-sgpbpopupid=\"670\"\r\n\t\tdata-popup-event=\"click\"\r\n\t\t>\r\n\t\t<\/p>\n<p style=\"font-family: Quicksand;font-size: 13px;font-weight: 400;letter-spacing: 3\">Ver mapa<\/p>\n<p>\t\t<\/a>\r\n\t\t\n<p>[\/vc_column_text][vc_empty_space height=\u00bb20px\u00bb][\/vc_column_inner][\/vc_row_inner][\/vc_column][\/vc_row][vc_row row_type=\u00bbrow\u00bb use_row_as_full_screen_section=\u00bbno\u00bb type=\u00bbfull_width\u00bb text_align=\u00bbleft\u00bb background_animation=\u00bbnone\u00bb css_animation=\u00bb\u00bb][vc_column][vc_row_inner row_type=\u00bbrow\u00bb type=\u00bbfull_width\u00bb use_row_as_full_screen_section_slide=\u00bbno\u00bb text_align=\u00bbleft\u00bb css_animation=\u00bb\u00bb][vc_column_inner][vc_gallery interval=\u00bb3&#8243; images=\u00bb662,599,607,610,611,600,603,728,730,732,733,731,734,735,737,736&#8243; img_size=\u00bbfull\u00bb onclick=\u00bb\u00bb][\/vc_column_inner][\/vc_row_inner][\/vc_column][\/vc_row][vc_row row_type=\u00bbrow\u00bb use_row_as_full_screen_section=\u00bbno\u00bb type=\u00bbfull_width\u00bb text_align=\u00bbleft\u00bb background_animation=\u00bbnone\u00bb css_animation=\u00bb\u00bb][vc_column][vc_empty_space height=\u00bb90px\u00bb][\/vc_column][\/vc_row]<\/p>\n<\/div>","protected":false},"excerpt":{"rendered":"<p>[vc_row row_type=\u00bbrow\u00bb use_row_as_full_screen_section=\u00bbno\u00bb type=\u00bbfull_width\u00bb text_align=\u00bbleft\u00bb background_animation=\u00bbnone\u00bb css_animation=\u00bb\u00bb css=\u00bb.vc_custom_1583317098183{padding-top: 5% !important;padding-bottom: 5% !important;}\u00bb][vc_column][vc_row_inner row_type=\u00bbrow\u00bb type=\u00bbfull_width\u00bb use_row_as_full_screen_section_slide=\u00bbno\u00bb text_align=\u00bbleft\u00bb css_animation=\u00bb\u00bb][vc_column_inner width=\u00bb1\/3&#8243;][vc_column_text] Dise\u00f1o floral para bodas, celebraciones y eventos privados [\/vc_column_text][vc_empty_space][vc_column_text] La clave del \u00e9xito es la empat\u00eda que se crea entre los novios y nosotros. La atm\u00f3sfera que&#8230;<\/p>\n","protected":false},"author":5,"featured_media":0,"parent":0,"menu_order":0,"comment_status":"open","ping_status":"closed","template":"","meta":{"footnotes":""},"class_list":["post-801","page","type-page","status-publish","hentry"],"yoast_head":"<!-- This site is optimized with the Yoast SEO plugin v27.2 - https:\/\/yoast.com\/product\/yoast-seo-wordpress\/ -->\n<title>Dise\u00f1o floral para bodas, celebraciones y eventos privados - Agrim\u00f2nia<\/title>\n<meta name=\"robots\" content=\"index, follow, max-snippet:-1, max-image-preview:large, max-video-preview:-1\" \/>\n<link rel=\"canonical\" href=\"https:\/\/www.agrimoniaicompanyia.com\/es\/diseno-floral-para-bodas-celebraciones-y-eventos-privados\/\" \/>\n<meta property=\"og:locale\" content=\"es_ES\" \/>\n<meta property=\"og:type\" content=\"article\" \/>\n<meta property=\"og:title\" content=\"Dise\u00f1o floral para bodas, celebraciones y eventos privados - Agrim\u00f2nia\" \/>\n<meta property=\"og:description\" content=\"[vc_row row_type=\u00bbrow\u00bb use_row_as_full_screen_section=\u00bbno\u00bb type=\u00bbfull_width\u00bb text_align=\u00bbleft\u00bb background_animation=\u00bbnone\u00bb css_animation=\u00bb\u00bb css=\u00bb.vc_custom_1583317098183{padding-top: 5% !important;padding-bottom: 5% !important;}\u00bb][vc_column][vc_row_inner row_type=\u00bbrow\u00bb type=\u00bbfull_width\u00bb use_row_as_full_screen_section_slide=\u00bbno\u00bb text_align=\u00bbleft\u00bb css_animation=\u00bb\u00bb][vc_column_inner width=\u00bb1\/3&#8243;][vc_column_text] Dise\u00f1o floral para bodas, celebraciones y eventos privados [\/vc_column_text][vc_empty_space][vc_column_text] La clave del \u00e9xito es la empat\u00eda que se crea entre los novios y nosotros. La atm\u00f3sfera que...\" \/>\n<meta property=\"og:url\" content=\"https:\/\/www.agrimoniaicompanyia.com\/es\/diseno-floral-para-bodas-celebraciones-y-eventos-privados\/\" \/>\n<meta property=\"og:site_name\" content=\"Agrim\u00f2nia\" \/>\n<meta property=\"article:modified_time\" content=\"2020-04-16T13:47:28+00:00\" \/>\n<meta property=\"og:image\" content=\"https:\/\/www.agrimoniaicompanyia.com\/wp-content\/uploads\/2020\/03\/Agrimonia-flors.png\" \/>\n<meta name=\"twitter:card\" content=\"summary_large_image\" \/>\n<meta name=\"twitter:label1\" content=\"Tiempo de lectura\" \/>\n\t<meta name=\"twitter:data1\" content=\"2 minutos\" \/>\n<script type=\"application\/ld+json\" class=\"yoast-schema-graph\">{\"@context\":\"https:\/\/schema.org\",\"@graph\":[{\"@type\":\"WebPage\",\"@id\":\"https:\/\/www.agrimoniaicompanyia.com\/es\/diseno-floral-para-bodas-celebraciones-y-eventos-privados\/\",\"url\":\"https:\/\/www.agrimoniaicompanyia.com\/es\/diseno-floral-para-bodas-celebraciones-y-eventos-privados\/\",\"name\":\"Dise\u00f1o floral para bodas, celebraciones y eventos privados - Agrim\u00f2nia\",\"isPartOf\":{\"@id\":\"https:\/\/www.agrimoniaicompanyia.com\/es\/#website\"},\"primaryImageOfPage\":{\"@id\":\"https:\/\/www.agrimoniaicompanyia.com\/es\/diseno-floral-para-bodas-celebraciones-y-eventos-privados\/#primaryimage\"},\"image\":{\"@id\":\"https:\/\/www.agrimoniaicompanyia.com\/es\/diseno-floral-para-bodas-celebraciones-y-eventos-privados\/#primaryimage\"},\"thumbnailUrl\":\"https:\/\/www.agrimoniaicompanyia.com\/wp-content\/uploads\/2020\/03\/Agrimonia-flors.png\",\"datePublished\":\"2020-04-06T14:59:46+00:00\",\"dateModified\":\"2020-04-16T13:47:28+00:00\",\"breadcrumb\":{\"@id\":\"https:\/\/www.agrimoniaicompanyia.com\/es\/diseno-floral-para-bodas-celebraciones-y-eventos-privados\/#breadcrumb\"},\"inLanguage\":\"es\",\"potentialAction\":[{\"@type\":\"ReadAction\",\"target\":[\"https:\/\/www.agrimoniaicompanyia.com\/es\/diseno-floral-para-bodas-celebraciones-y-eventos-privados\/\"]}]},{\"@type\":\"ImageObject\",\"inLanguage\":\"es\",\"@id\":\"https:\/\/www.agrimoniaicompanyia.com\/es\/diseno-floral-para-bodas-celebraciones-y-eventos-privados\/#primaryimage\",\"url\":\"https:\/\/www.agrimoniaicompanyia.com\/wp-content\/uploads\/2020\/03\/Agrimonia-flors.png\",\"contentUrl\":\"https:\/\/www.agrimoniaicompanyia.com\/wp-content\/uploads\/2020\/03\/Agrimonia-flors.png\"},{\"@type\":\"BreadcrumbList\",\"@id\":\"https:\/\/www.agrimoniaicompanyia.com\/es\/diseno-floral-para-bodas-celebraciones-y-eventos-privados\/#breadcrumb\",\"itemListElement\":[{\"@type\":\"ListItem\",\"position\":1,\"name\":\"Home\",\"item\":\"https:\/\/www.agrimoniaicompanyia.com\/es\/\"},{\"@type\":\"ListItem\",\"position\":2,\"name\":\"Dise\u00f1o floral para bodas, celebraciones y eventos privados\"}]},{\"@type\":\"WebSite\",\"@id\":\"https:\/\/www.agrimoniaicompanyia.com\/es\/#website\",\"url\":\"https:\/\/www.agrimoniaicompanyia.com\/es\/\",\"name\":\"Agrim\u00f2nia\",\"description\":\"Taller de disseny floral\",\"potentialAction\":[{\"@type\":\"SearchAction\",\"target\":{\"@type\":\"EntryPoint\",\"urlTemplate\":\"https:\/\/www.agrimoniaicompanyia.com\/es\/?s={search_term_string}\"},\"query-input\":{\"@type\":\"PropertyValueSpecification\",\"valueRequired\":true,\"valueName\":\"search_term_string\"}}],\"inLanguage\":\"es\"}]}<\/script>\n<!-- \/ Yoast SEO plugin. -->","yoast_head_json":{"title":"Dise\u00f1o floral para bodas, celebraciones y eventos privados - Agrim\u00f2nia","robots":{"index":"index","follow":"follow","max-snippet":"max-snippet:-1","max-image-preview":"max-image-preview:large","max-video-preview":"max-video-preview:-1"},"canonical":"https:\/\/www.agrimoniaicompanyia.com\/es\/diseno-floral-para-bodas-celebraciones-y-eventos-privados\/","og_locale":"es_ES","og_type":"article","og_title":"Dise\u00f1o floral para bodas, celebraciones y eventos privados - Agrim\u00f2nia","og_description":"[vc_row row_type=\u00bbrow\u00bb use_row_as_full_screen_section=\u00bbno\u00bb type=\u00bbfull_width\u00bb text_align=\u00bbleft\u00bb background_animation=\u00bbnone\u00bb css_animation=\u00bb\u00bb css=\u00bb.vc_custom_1583317098183{padding-top: 5% !important;padding-bottom: 5% !important;}\u00bb][vc_column][vc_row_inner row_type=\u00bbrow\u00bb type=\u00bbfull_width\u00bb use_row_as_full_screen_section_slide=\u00bbno\u00bb text_align=\u00bbleft\u00bb css_animation=\u00bb\u00bb][vc_column_inner width=\u00bb1\/3&#8243;][vc_column_text] Dise\u00f1o floral para bodas, celebraciones y eventos privados [\/vc_column_text][vc_empty_space][vc_column_text] La clave del \u00e9xito es la empat\u00eda que se crea entre los novios y nosotros. La atm\u00f3sfera que...","og_url":"https:\/\/www.agrimoniaicompanyia.com\/es\/diseno-floral-para-bodas-celebraciones-y-eventos-privados\/","og_site_name":"Agrim\u00f2nia","article_modified_time":"2020-04-16T13:47:28+00:00","og_image":[{"url":"https:\/\/www.agrimoniaicompanyia.com\/wp-content\/uploads\/2020\/03\/Agrimonia-flors.png","type":"","width":"","height":""}],"twitter_card":"summary_large_image","twitter_misc":{"Tiempo de lectura":"2 minutos"},"schema":{"@context":"https:\/\/schema.org","@graph":[{"@type":"WebPage","@id":"https:\/\/www.agrimoniaicompanyia.com\/es\/diseno-floral-para-bodas-celebraciones-y-eventos-privados\/","url":"https:\/\/www.agrimoniaicompanyia.com\/es\/diseno-floral-para-bodas-celebraciones-y-eventos-privados\/","name":"Dise\u00f1o floral para bodas, celebraciones y eventos privados - Agrim\u00f2nia","isPartOf":{"@id":"https:\/\/www.agrimoniaicompanyia.com\/es\/#website"},"primaryImageOfPage":{"@id":"https:\/\/www.agrimoniaicompanyia.com\/es\/diseno-floral-para-bodas-celebraciones-y-eventos-privados\/#primaryimage"},"image":{"@id":"https:\/\/www.agrimoniaicompanyia.com\/es\/diseno-floral-para-bodas-celebraciones-y-eventos-privados\/#primaryimage"},"thumbnailUrl":"https:\/\/www.agrimoniaicompanyia.com\/wp-content\/uploads\/2020\/03\/Agrimonia-flors.png","datePublished":"2020-04-06T14:59:46+00:00","dateModified":"2020-04-16T13:47:28+00:00","breadcrumb":{"@id":"https:\/\/www.agrimoniaicompanyia.com\/es\/diseno-floral-para-bodas-celebraciones-y-eventos-privados\/#breadcrumb"},"inLanguage":"es","potentialAction":[{"@type":"ReadAction","target":["https:\/\/www.agrimoniaicompanyia.com\/es\/diseno-floral-para-bodas-celebraciones-y-eventos-privados\/"]}]},{"@type":"ImageObject","inLanguage":"es","@id":"https:\/\/www.agrimoniaicompanyia.com\/es\/diseno-floral-para-bodas-celebraciones-y-eventos-privados\/#primaryimage","url":"https:\/\/www.agrimoniaicompanyia.com\/wp-content\/uploads\/2020\/03\/Agrimonia-flors.png","contentUrl":"https:\/\/www.agrimoniaicompanyia.com\/wp-content\/uploads\/2020\/03\/Agrimonia-flors.png"},{"@type":"BreadcrumbList","@id":"https:\/\/www.agrimoniaicompanyia.com\/es\/diseno-floral-para-bodas-celebraciones-y-eventos-privados\/#breadcrumb","itemListElement":[{"@type":"ListItem","position":1,"name":"Home","item":"https:\/\/www.agrimoniaicompanyia.com\/es\/"},{"@type":"ListItem","position":2,"name":"Dise\u00f1o floral para bodas, celebraciones y eventos privados"}]},{"@type":"WebSite","@id":"https:\/\/www.agrimoniaicompanyia.com\/es\/#website","url":"https:\/\/www.agrimoniaicompanyia.com\/es\/","name":"Agrim\u00f2nia","description":"Taller de disseny floral","potentialAction":[{"@type":"SearchAction","target":{"@type":"EntryPoint","urlTemplate":"https:\/\/www.agrimoniaicompanyia.com\/es\/?s={search_term_string}"},"query-input":{"@type":"PropertyValueSpecification","valueRequired":true,"valueName":"search_term_string"}}],"inLanguage":"es"}]}},"_links":{"self":[{"href":"https:\/\/www.agrimoniaicompanyia.com\/es\/wp-json\/wp\/v2\/pages\/801","targetHints":{"allow":["GET"]}}],"collection":[{"href":"https:\/\/www.agrimoniaicompanyia.com\/es\/wp-json\/wp\/v2\/pages"}],"about":[{"href":"https:\/\/www.agrimoniaicompanyia.com\/es\/wp-json\/wp\/v2\/types\/page"}],"author":[{"embeddable":true,"href":"https:\/\/www.agrimoniaicompanyia.com\/es\/wp-json\/wp\/v2\/users\/5"}],"replies":[{"embeddable":true,"href":"https:\/\/www.agrimoniaicompanyia.com\/es\/wp-json\/wp\/v2\/comments?post=801"}],"version-history":[{"count":4,"href":"https:\/\/www.agrimoniaicompanyia.com\/es\/wp-json\/wp\/v2\/pages\/801\/revisions"}],"predecessor-version":[{"id":924,"href":"https:\/\/www.agrimoniaicompanyia.com\/es\/wp-json\/wp\/v2\/pages\/801\/revisions\/924"}],"wp:attachment":[{"href":"https:\/\/www.agrimoniaicompanyia.com\/es\/wp-json\/wp\/v2\/media?parent=801"}],"curies":[{"name":"wp","href":"https:\/\/api.w.org\/{rel}","templated":true}]}}