{"id":779,"date":"2020-04-06T15:09:37","date_gmt":"2020-04-06T14:09:37","guid":{"rendered":"https:\/\/www.agrimoniaicompanyia.com\/?page_id=779"},"modified":"2020-04-20T10:10:48","modified_gmt":"2020-04-20T09:10:48","slug":"decoracion-floral-y-mantenimiento-de-flor-fresca-para-empresas-hoteles-y-restaurantes","status":"publish","type":"page","link":"https:\/\/www.agrimoniaicompanyia.com\/es\/decoracion-floral-y-mantenimiento-de-flor-fresca-para-empresas-hoteles-y-restaurantes\/","title":{"rendered":"Decoraci\u00f3n floral y mantenimiento de flor fresca para empresas, hoteles y restaurantes"},"content":{"rendered":"<div class=\"wpb-content-wrapper\"><p>[vc_row row_type=\u00bbrow\u00bb use_row_as_full_screen_section=\u00bbno\u00bb type=\u00bbfull_width\u00bb text_align=\u00bbleft\u00bb background_animation=\u00bbnone\u00bb css_animation=\u00bb\u00bb css=\u00bb.vc_custom_1583317098183{padding-top: 5% !important;padding-bottom: 5% !important;}\u00bb][vc_column][vc_row_inner row_type=\u00bbrow\u00bb type=\u00bbfull_width\u00bb use_row_as_full_screen_section_slide=\u00bbno\u00bb text_align=\u00bbleft\u00bb css_animation=\u00bb\u00bb][vc_column_inner width=\u00bb1\/3&#8243;][vc_column_text]<\/p>\n<h1>Decoraci\u00f3n floral y mantenimiento de flor fresca para empresas, hoteles y restaurantes<\/h1>\n<p>[\/vc_column_text][vc_empty_space][vc_column_text]<\/p>\n<p>La decoraci\u00f3n floral y con plantas es uno de los aspectos importantes para la decoraci\u00f3n de espacios.<\/p>\n<p>&nbsp;<\/p>\n<p>Las flores y las plantas no s\u00f3lo decoran sino que dan energ\u00eda positiva. Todos los espacios mejoran con un arreglo floral hecho a medida.<\/p>\n<p>&nbsp;<\/p>\n<p>Es aqu\u00ed donde nosotros podemos ayudarte.<\/p>\n<p>[\/vc_column_text][vc_empty_space height=\u00bb20px\u00bb][\/vc_column_inner][vc_column_inner width=\u00bb1\/3&#8243;][vc_column_text]<\/p>\n<p><img decoding=\"async\" src=\"https:\/\/www.agrimoniaicompanyia.com\/wp-content\/uploads\/2020\/03\/Agrimonia-tools-150.png\" alt=\"\" \/><\/p>\n<p>[\/vc_column_text][vc_empty_space height=\u00bb18px\u00bb][vc_column_text]<\/p>\n<p>Visitamos tu espacio para conocer tus necesidades, ver los colores, el estilo y la ambientaci\u00f3n y as\u00ed podemos realizar la decoraci\u00f3n floral personalizada.<br \/>\nTe damos la opci\u00f3n de hacer un mantenimiento semanal o cada 15 d\u00edas seg\u00fan se requiera.<\/p>\n<p>[\/vc_column_text][vc_empty_space height=\u00bb20px\u00bb][\/vc_column_inner][vc_column_inner width=\u00bb1\/3&#8243;][vc_column_text]<\/p>\n<p>P\u00eddenos presupuesto llamando al<\/p>\n<p><a href=\"tel:\/\/932172615\">932 172 615<\/a> o al <a href=\"tel:\/\/615290157\">615 290 157<\/a><\/p>\n<p>O escr\u00edbenos a <a href=\"mailto:agrimonia@agrimoniaicompanyia.com\">agrimonia@agrimoniaicompanyia.com<\/a><\/p>\n<p>&nbsp;<\/p>\n<p>Tambi\u00e9n nos puedes visitar, previa cita, en Riera de Sant Miquel 65 de Barcelona.<\/p>\n\t\t<a\t\t\t\thref=\"javascript:void(0)\"\r\n\t\t\t\tclass=\"sgpb-show-popup sgpb-popup-id-670\"\r\n\t\tdata-sgpbpopupid=\"670\"\r\n\t\tdata-popup-event=\"click\"\r\n\t\t>\r\n\t\t<\/p>\n<p style=\"font-family: Quicksand;font-size: 13px;font-weight: 400;letter-spacing: 3\">Ver mapa<\/p>\n<p>\t\t<\/a>\r\n\t\t\n<p>[\/vc_column_text][vc_empty_space height=\u00bb20px\u00bb][\/vc_column_inner][\/vc_row_inner][\/vc_column][\/vc_row][vc_row row_type=\u00bbrow\u00bb use_row_as_full_screen_section=\u00bbno\u00bb type=\u00bbfull_width\u00bb text_align=\u00bbleft\u00bb background_animation=\u00bbnone\u00bb css_animation=\u00bb\u00bb][vc_column][vc_row_inner row_type=\u00bbrow\u00bb type=\u00bbfull_width\u00bb use_row_as_full_screen_section_slide=\u00bbno\u00bb text_align=\u00bbleft\u00bb css_animation=\u00bb\u00bb][vc_column_inner][vc_gallery interval=\u00bb3&#8243; images=\u00bb598,754,749,748,747,755,756&#8243; img_size=\u00bbfull\u00bb onclick=\u00bb\u00bb][\/vc_column_inner][\/vc_row_inner][\/vc_column][\/vc_row][vc_row row_type=\u00bbrow\u00bb use_row_as_full_screen_section=\u00bbno\u00bb type=\u00bbfull_width\u00bb text_align=\u00bbleft\u00bb background_animation=\u00bbnone\u00bb css_animation=\u00bb\u00bb][vc_column][vc_empty_space height=\u00bb90px\u00bb][\/vc_column][\/vc_row]<\/p>\n<\/div>","protected":false},"excerpt":{"rendered":"<p>[vc_row row_type=\u00bbrow\u00bb use_row_as_full_screen_section=\u00bbno\u00bb type=\u00bbfull_width\u00bb text_align=\u00bbleft\u00bb background_animation=\u00bbnone\u00bb css_animation=\u00bb\u00bb css=\u00bb.vc_custom_1583317098183{padding-top: 5% !important;padding-bottom: 5% !important;}\u00bb][vc_column][vc_row_inner row_type=\u00bbrow\u00bb type=\u00bbfull_width\u00bb use_row_as_full_screen_section_slide=\u00bbno\u00bb text_align=\u00bbleft\u00bb css_animation=\u00bb\u00bb][vc_column_inner width=\u00bb1\/3&#8243;][vc_column_text] Decoraci\u00f3n floral y mantenimiento de flor fresca para empresas, hoteles y restaurantes [\/vc_column_text][vc_empty_space][vc_column_text] La decoraci\u00f3n floral y con plantas es uno de los aspectos importantes para la&#8230;<\/p>\n","protected":false},"author":5,"featured_media":0,"parent":0,"menu_order":0,"comment_status":"open","ping_status":"closed","template":"","meta":{"footnotes":""},"class_list":["post-779","page","type-page","status-publish","hentry"],"yoast_head":"<!-- This site is optimized with the Yoast SEO plugin v27.5 - https:\/\/yoast.com\/product\/yoast-seo-wordpress\/ -->\n<title>Decoraci\u00f3n floral y mantenimiento de flor fresca para empresas, hoteles y restaurantes - Agrim\u00f2nia<\/title>\n<meta name=\"robots\" content=\"index, follow, max-snippet:-1, max-image-preview:large, max-video-preview:-1\" \/>\n<link rel=\"canonical\" href=\"https:\/\/www.agrimoniaicompanyia.com\/es\/decoracion-floral-y-mantenimiento-de-flor-fresca-para-empresas-hoteles-y-restaurantes\/\" \/>\n<meta property=\"og:locale\" content=\"es_ES\" \/>\n<meta property=\"og:type\" content=\"article\" \/>\n<meta property=\"og:title\" content=\"Decoraci\u00f3n floral y mantenimiento de flor fresca para empresas, hoteles y restaurantes - Agrim\u00f2nia\" \/>\n<meta property=\"og:description\" content=\"[vc_row row_type=\u00bbrow\u00bb use_row_as_full_screen_section=\u00bbno\u00bb type=\u00bbfull_width\u00bb text_align=\u00bbleft\u00bb background_animation=\u00bbnone\u00bb css_animation=\u00bb\u00bb css=\u00bb.vc_custom_1583317098183{padding-top: 5% !important;padding-bottom: 5% !important;}\u00bb][vc_column][vc_row_inner row_type=\u00bbrow\u00bb type=\u00bbfull_width\u00bb use_row_as_full_screen_section_slide=\u00bbno\u00bb text_align=\u00bbleft\u00bb css_animation=\u00bb\u00bb][vc_column_inner width=\u00bb1\/3&#8243;][vc_column_text] Decoraci\u00f3n floral y mantenimiento de flor fresca para empresas, hoteles y restaurantes [\/vc_column_text][vc_empty_space][vc_column_text] La decoraci\u00f3n floral y con plantas es uno de los aspectos importantes para la...\" \/>\n<meta property=\"og:url\" content=\"https:\/\/www.agrimoniaicompanyia.com\/es\/decoracion-floral-y-mantenimiento-de-flor-fresca-para-empresas-hoteles-y-restaurantes\/\" \/>\n<meta property=\"og:site_name\" content=\"Agrim\u00f2nia\" \/>\n<meta property=\"article:modified_time\" content=\"2020-04-20T09:10:48+00:00\" \/>\n<meta property=\"og:image\" content=\"https:\/\/www.agrimoniaicompanyia.com\/wp-content\/uploads\/2020\/03\/Agrimonia-tools-150.png\" \/>\n<meta name=\"twitter:card\" content=\"summary_large_image\" \/>\n<meta name=\"twitter:label1\" content=\"Tiempo de lectura\" \/>\n\t<meta name=\"twitter:data1\" content=\"2 minutos\" \/>\n<script type=\"application\/ld+json\" class=\"yoast-schema-graph\">{\"@context\":\"https:\\\/\\\/schema.org\",\"@graph\":[{\"@type\":\"WebPage\",\"@id\":\"https:\\\/\\\/www.agrimoniaicompanyia.com\\\/es\\\/decoracion-floral-y-mantenimiento-de-flor-fresca-para-empresas-hoteles-y-restaurantes\\\/\",\"url\":\"https:\\\/\\\/www.agrimoniaicompanyia.com\\\/es\\\/decoracion-floral-y-mantenimiento-de-flor-fresca-para-empresas-hoteles-y-restaurantes\\\/\",\"name\":\"Decoraci\u00f3n floral y mantenimiento de flor fresca para empresas, hoteles y restaurantes - Agrim\u00f2nia\",\"isPartOf\":{\"@id\":\"https:\\\/\\\/www.agrimoniaicompanyia.com\\\/es\\\/#website\"},\"primaryImageOfPage\":{\"@id\":\"https:\\\/\\\/www.agrimoniaicompanyia.com\\\/es\\\/decoracion-floral-y-mantenimiento-de-flor-fresca-para-empresas-hoteles-y-restaurantes\\\/#primaryimage\"},\"image\":{\"@id\":\"https:\\\/\\\/www.agrimoniaicompanyia.com\\\/es\\\/decoracion-floral-y-mantenimiento-de-flor-fresca-para-empresas-hoteles-y-restaurantes\\\/#primaryimage\"},\"thumbnailUrl\":\"https:\\\/\\\/www.agrimoniaicompanyia.com\\\/wp-content\\\/uploads\\\/2020\\\/03\\\/Agrimonia-tools-150.png\",\"datePublished\":\"2020-04-06T14:09:37+00:00\",\"dateModified\":\"2020-04-20T09:10:48+00:00\",\"breadcrumb\":{\"@id\":\"https:\\\/\\\/www.agrimoniaicompanyia.com\\\/es\\\/decoracion-floral-y-mantenimiento-de-flor-fresca-para-empresas-hoteles-y-restaurantes\\\/#breadcrumb\"},\"inLanguage\":\"es\",\"potentialAction\":[{\"@type\":\"ReadAction\",\"target\":[\"https:\\\/\\\/www.agrimoniaicompanyia.com\\\/es\\\/decoracion-floral-y-mantenimiento-de-flor-fresca-para-empresas-hoteles-y-restaurantes\\\/\"]}]},{\"@type\":\"ImageObject\",\"inLanguage\":\"es\",\"@id\":\"https:\\\/\\\/www.agrimoniaicompanyia.com\\\/es\\\/decoracion-floral-y-mantenimiento-de-flor-fresca-para-empresas-hoteles-y-restaurantes\\\/#primaryimage\",\"url\":\"https:\\\/\\\/www.agrimoniaicompanyia.com\\\/wp-content\\\/uploads\\\/2020\\\/03\\\/Agrimonia-tools-150.png\",\"contentUrl\":\"https:\\\/\\\/www.agrimoniaicompanyia.com\\\/wp-content\\\/uploads\\\/2020\\\/03\\\/Agrimonia-tools-150.png\"},{\"@type\":\"BreadcrumbList\",\"@id\":\"https:\\\/\\\/www.agrimoniaicompanyia.com\\\/es\\\/decoracion-floral-y-mantenimiento-de-flor-fresca-para-empresas-hoteles-y-restaurantes\\\/#breadcrumb\",\"itemListElement\":[{\"@type\":\"ListItem\",\"position\":1,\"name\":\"Home\",\"item\":\"https:\\\/\\\/www.agrimoniaicompanyia.com\\\/es\\\/\"},{\"@type\":\"ListItem\",\"position\":2,\"name\":\"Decoraci\u00f3n floral y mantenimiento de flor fresca para empresas, hoteles y restaurantes\"}]},{\"@type\":\"WebSite\",\"@id\":\"https:\\\/\\\/www.agrimoniaicompanyia.com\\\/es\\\/#website\",\"url\":\"https:\\\/\\\/www.agrimoniaicompanyia.com\\\/es\\\/\",\"name\":\"Agrim\u00f2nia\",\"description\":\"Taller de disseny floral\",\"potentialAction\":[{\"@type\":\"SearchAction\",\"target\":{\"@type\":\"EntryPoint\",\"urlTemplate\":\"https:\\\/\\\/www.agrimoniaicompanyia.com\\\/es\\\/?s={search_term_string}\"},\"query-input\":{\"@type\":\"PropertyValueSpecification\",\"valueRequired\":true,\"valueName\":\"search_term_string\"}}],\"inLanguage\":\"es\"}]}<\/script>\n<!-- \/ Yoast SEO plugin. -->","yoast_head_json":{"title":"Decoraci\u00f3n floral y mantenimiento de flor fresca para empresas, hoteles y restaurantes - Agrim\u00f2nia","robots":{"index":"index","follow":"follow","max-snippet":"max-snippet:-1","max-image-preview":"max-image-preview:large","max-video-preview":"max-video-preview:-1"},"canonical":"https:\/\/www.agrimoniaicompanyia.com\/es\/decoracion-floral-y-mantenimiento-de-flor-fresca-para-empresas-hoteles-y-restaurantes\/","og_locale":"es_ES","og_type":"article","og_title":"Decoraci\u00f3n floral y mantenimiento de flor fresca para empresas, hoteles y restaurantes - Agrim\u00f2nia","og_description":"[vc_row row_type=\u00bbrow\u00bb use_row_as_full_screen_section=\u00bbno\u00bb type=\u00bbfull_width\u00bb text_align=\u00bbleft\u00bb background_animation=\u00bbnone\u00bb css_animation=\u00bb\u00bb css=\u00bb.vc_custom_1583317098183{padding-top: 5% !important;padding-bottom: 5% !important;}\u00bb][vc_column][vc_row_inner row_type=\u00bbrow\u00bb type=\u00bbfull_width\u00bb use_row_as_full_screen_section_slide=\u00bbno\u00bb text_align=\u00bbleft\u00bb css_animation=\u00bb\u00bb][vc_column_inner width=\u00bb1\/3&#8243;][vc_column_text] Decoraci\u00f3n floral y mantenimiento de flor fresca para empresas, hoteles y restaurantes [\/vc_column_text][vc_empty_space][vc_column_text] La decoraci\u00f3n floral y con plantas es uno de los aspectos importantes para la...","og_url":"https:\/\/www.agrimoniaicompanyia.com\/es\/decoracion-floral-y-mantenimiento-de-flor-fresca-para-empresas-hoteles-y-restaurantes\/","og_site_name":"Agrim\u00f2nia","article_modified_time":"2020-04-20T09:10:48+00:00","og_image":[{"url":"https:\/\/www.agrimoniaicompanyia.com\/wp-content\/uploads\/2020\/03\/Agrimonia-tools-150.png","type":"","width":"","height":""}],"twitter_card":"summary_large_image","twitter_misc":{"Tiempo de lectura":"2 minutos"},"schema":{"@context":"https:\/\/schema.org","@graph":[{"@type":"WebPage","@id":"https:\/\/www.agrimoniaicompanyia.com\/es\/decoracion-floral-y-mantenimiento-de-flor-fresca-para-empresas-hoteles-y-restaurantes\/","url":"https:\/\/www.agrimoniaicompanyia.com\/es\/decoracion-floral-y-mantenimiento-de-flor-fresca-para-empresas-hoteles-y-restaurantes\/","name":"Decoraci\u00f3n floral y mantenimiento de flor fresca para empresas, hoteles y restaurantes - Agrim\u00f2nia","isPartOf":{"@id":"https:\/\/www.agrimoniaicompanyia.com\/es\/#website"},"primaryImageOfPage":{"@id":"https:\/\/www.agrimoniaicompanyia.com\/es\/decoracion-floral-y-mantenimiento-de-flor-fresca-para-empresas-hoteles-y-restaurantes\/#primaryimage"},"image":{"@id":"https:\/\/www.agrimoniaicompanyia.com\/es\/decoracion-floral-y-mantenimiento-de-flor-fresca-para-empresas-hoteles-y-restaurantes\/#primaryimage"},"thumbnailUrl":"https:\/\/www.agrimoniaicompanyia.com\/wp-content\/uploads\/2020\/03\/Agrimonia-tools-150.png","datePublished":"2020-04-06T14:09:37+00:00","dateModified":"2020-04-20T09:10:48+00:00","breadcrumb":{"@id":"https:\/\/www.agrimoniaicompanyia.com\/es\/decoracion-floral-y-mantenimiento-de-flor-fresca-para-empresas-hoteles-y-restaurantes\/#breadcrumb"},"inLanguage":"es","potentialAction":[{"@type":"ReadAction","target":["https:\/\/www.agrimoniaicompanyia.com\/es\/decoracion-floral-y-mantenimiento-de-flor-fresca-para-empresas-hoteles-y-restaurantes\/"]}]},{"@type":"ImageObject","inLanguage":"es","@id":"https:\/\/www.agrimoniaicompanyia.com\/es\/decoracion-floral-y-mantenimiento-de-flor-fresca-para-empresas-hoteles-y-restaurantes\/#primaryimage","url":"https:\/\/www.agrimoniaicompanyia.com\/wp-content\/uploads\/2020\/03\/Agrimonia-tools-150.png","contentUrl":"https:\/\/www.agrimoniaicompanyia.com\/wp-content\/uploads\/2020\/03\/Agrimonia-tools-150.png"},{"@type":"BreadcrumbList","@id":"https:\/\/www.agrimoniaicompanyia.com\/es\/decoracion-floral-y-mantenimiento-de-flor-fresca-para-empresas-hoteles-y-restaurantes\/#breadcrumb","itemListElement":[{"@type":"ListItem","position":1,"name":"Home","item":"https:\/\/www.agrimoniaicompanyia.com\/es\/"},{"@type":"ListItem","position":2,"name":"Decoraci\u00f3n floral y mantenimiento de flor fresca para empresas, hoteles y restaurantes"}]},{"@type":"WebSite","@id":"https:\/\/www.agrimoniaicompanyia.com\/es\/#website","url":"https:\/\/www.agrimoniaicompanyia.com\/es\/","name":"Agrim\u00f2nia","description":"Taller de disseny floral","potentialAction":[{"@type":"SearchAction","target":{"@type":"EntryPoint","urlTemplate":"https:\/\/www.agrimoniaicompanyia.com\/es\/?s={search_term_string}"},"query-input":{"@type":"PropertyValueSpecification","valueRequired":true,"valueName":"search_term_string"}}],"inLanguage":"es"}]}},"_links":{"self":[{"href":"https:\/\/www.agrimoniaicompanyia.com\/es\/wp-json\/wp\/v2\/pages\/779","targetHints":{"allow":["GET"]}}],"collection":[{"href":"https:\/\/www.agrimoniaicompanyia.com\/es\/wp-json\/wp\/v2\/pages"}],"about":[{"href":"https:\/\/www.agrimoniaicompanyia.com\/es\/wp-json\/wp\/v2\/types\/page"}],"author":[{"embeddable":true,"href":"https:\/\/www.agrimoniaicompanyia.com\/es\/wp-json\/wp\/v2\/users\/5"}],"replies":[{"embeddable":true,"href":"https:\/\/www.agrimoniaicompanyia.com\/es\/wp-json\/wp\/v2\/comments?post=779"}],"version-history":[{"count":7,"href":"https:\/\/www.agrimoniaicompanyia.com\/es\/wp-json\/wp\/v2\/pages\/779\/revisions"}],"predecessor-version":[{"id":932,"href":"https:\/\/www.agrimoniaicompanyia.com\/es\/wp-json\/wp\/v2\/pages\/779\/revisions\/932"}],"wp:attachment":[{"href":"https:\/\/www.agrimoniaicompanyia.com\/es\/wp-json\/wp\/v2\/media?parent=779"}],"curies":[{"name":"wp","href":"https:\/\/api.w.org\/{rel}","templated":true}]}}