{"id":769,"date":"2015-09-23T09:31:58","date_gmt":"2015-09-23T09:31:58","guid":{"rendered":"https:\/\/www.agrimoniaicompanyia.com\/home\/"},"modified":"2024-09-30T08:44:32","modified_gmt":"2024-09-30T07:44:32","slug":"home","status":"publish","type":"page","link":"https:\/\/www.agrimoniaicompanyia.com\/es\/","title":{"rendered":"Inicio"},"content":{"rendered":"<div class=\"wpb-content-wrapper\"><p>[vc_row row_type=\u00bbparallax\u00bb text_align=\u00bbleft\u00bb background_image=\u00bb546&#8243; full_screen_section_height=\u00bbyes\u00bb vertically_align_content_in_middle=\u00bbyes\u00bb css=\u00bb.vc_custom_1583826911542{padding-top: 6% !important;padding-bottom: 5% !important;}\u00bb][vc_column width=\u00bb2\/3&#8243;][vc_column_text]<\/p>\n<p>P\u00eddenos presupuesto llamando al <a href=\"tel:\/\/932172615\">932 172 615<\/a> o al <a href=\"tel:\/\/615290157\">615 290 157<\/a><\/p>\n<p>O escr\u00edbenos a <a href=\"mailto:agrimonia@agrimoniaicompanyia.com\">agrimonia@agrimoniaicompanyia.com<\/a>.<\/p>\n<p>&nbsp;<\/p>\n<p>Tambi\u00e9n puedes visitarnos, previa cita, en Riera de sant Miquel 65 de Barcelona.<\/p>\n\t\t<a\t\t\t\thref=\"javascript:void(0)\"\r\n\t\t\t\tclass=\"sgpb-show-popup sgpb-popup-id-670\"\r\n\t\tdata-sgpbpopupid=\"670\"\r\n\t\tdata-popup-event=\"click\"\r\n\t\t>\r\n\t\t<\/p>\n<p style=\"font-family: Quicksand;font-size: 13px;font-weight: 400;letter-spacing: 3\">Ver mapa<\/p>\n<p>\t\t<\/a>\r\n\t\t\n<p>[\/vc_column_text][\/vc_column][vc_column css_animation=\u00bbslideInRight\u00bb width=\u00bb1\/3&#8243;][\/vc_column][\/vc_row][vc_row row_type=\u00bbrow\u00bb use_row_as_full_screen_section=\u00bbno\u00bb type=\u00bbfull_width\u00bb text_align=\u00bbleft\u00bb background_animation=\u00bbnone\u00bb css_animation=\u00bb\u00bb][vc_column][qode_elements_holder number_of_columns=\u00bbthree_columns\u00bb][qode_elements_holder_item background_color=\u00bb#ddd8af\u00bb background_image=\u00bb240&#8243; item_padding=\u00bb40% 10% 30% 10%\u00bb vertical_alignment=\u00bbtop\u00bb][vc_column_text css=\u00bb.vc_custom_1586189044050{padding-top: 10% !important;padding-right: 10% !important;padding-bottom: 10% !important;padding-left: 10% !important;background-color: #c1c9b5 !important;}\u00bb]<\/p>\n<h2><a href=\"https:\/\/www.agrimoniaicompanyia.com\/es\/decoracion-floral-y-mantenimiento-de-flor-fresca-para-empresas-hoteles-y-restaurantes\/\"><span style=\"color: #ffffff;\">Decoraci\u00f3n floral y mantenimiento de flor fresca para empresas, hoteles y restaurantes<\/span><\/a><\/h2>\n<p>&nbsp;<\/p>\n<p>&nbsp;<\/p>\n<p style=\"color: #ffffff; font-size: 50px;\"><a href=\"https:\/\/www.agrimoniaicompanyia.com\/es\/decoracion-floral-y-mantenimiento-de-flor-fresca-para-empresas-hoteles-y-restaurantes\/\">\u2192<\/a><\/p>\n<p>[\/vc_column_text][\/qode_elements_holder_item][qode_elements_holder_item background_color=\u00bb#c1c9b5&#8243; background_image=\u00bb335&#8243; item_padding=\u00bb40% 10% 30% 10%\u00bb vertical_alignment=\u00bbtop\u00bb][vc_column_text css=\u00bb.vc_custom_1586189086750{padding-top: 10% !important;padding-right: 10% !important;padding-bottom: 10% !important;padding-left: 10% !important;background-color: #c1c9b5 !important;}\u00bb]<\/p>\n<h2><a href=\"https:\/\/www.agrimoniaicompanyia.com\/es\/composiciones-con-flores-y-plantas-para-eventos-stands-presentaciones-y-meetings\/\"><span style=\"color: #ffffff;\">Composiciones con flores y plantas para eventos, stands, presentaciones y meetings<\/span><\/a><\/h2>\n<p>&nbsp;<\/p>\n<p>&nbsp;<\/p>\n<p style=\"color: #ffffff; font-size: 50px;\"><a href=\"https:\/\/www.agrimoniaicompanyia.com\/es\/composiciones-con-flores-y-plantas-para-eventos-stands-presentaciones-y-meetings\/\">\u2192<\/a><\/p>\n<p>[\/vc_column_text][\/qode_elements_holder_item][qode_elements_holder_item background_image=\u00bb166&#8243; item_padding=\u00bb40% 10% 30% 10%\u00bb vertical_alignment=\u00bbtop\u00bb][vc_column_text css=\u00bb.vc_custom_1586189378672{padding-top: 10% !important;padding-right: 10% !important;padding-bottom: 10% !important;padding-left: 10% !important;background-color: #c1c9b5 !important;}\u00bb]<\/p>\n<h2><a href=\"https:\/\/www.agrimoniaicompanyia.com\/es\/diseno-floral-para-bodas-celebraciones-y-eventos-privados\/\"><span style=\"color: #ffffff;\">Dise\u00f1o floral para bodas,<br \/>\ncelebraciones y eventos privados<\/span><\/a><\/h2>\n<p>&nbsp;<\/p>\n<p>&nbsp;<\/p>\n<p>&nbsp;<\/p>\n<p style=\"color: #ffffff; font-size: 50px;\"><a href=\"https:\/\/www.agrimoniaicompanyia.com\/es\/diseno-floral-para-bodas-celebraciones-y-eventos-privados\/\">\u2192<\/a><\/p>\n<p>[\/vc_column_text][\/qode_elements_holder_item][\/qode_elements_holder][\/vc_column][\/vc_row][vc_row row_type=\u00bbparallax\u00bb text_align=\u00bbleft\u00bb background_image=\u00bb413&#8243; full_screen_section_height=\u00bbyes\u00bb vertically_align_content_in_middle=\u00bbyes\u00bb][vc_column][vc_row_inner row_type=\u00bbrow\u00bb type=\u00bbfull_width\u00bb use_row_as_full_screen_section_slide=\u00bbno\u00bb text_align=\u00bbleft\u00bb css_animation=\u00bb\u00bb][vc_column_inner width=\u00bb1\/4&#8243;][\/vc_column_inner][vc_column_inner width=\u00bb1\/2&#8243;][vc_column_text css=\u00bb.vc_custom_1587022920929{padding-top: 15% !important;padding-right: 15% !important;padding-bottom: 15% !important;padding-left: 15% !important;background-color: rgba(255,255,255,0.9) !important;*background-color: rgb(255,255,255) !important;}\u00bb]<\/p>\n<p><a href=\"tel:\/\/932172615\">932 172 615<\/a><\/p>\n<p><a href=\"tel:\/\/615290157\">615 290 157<\/a><\/p>\n<p><a href=\"mailto:agrimonia@agrimoniaicompanyia.com\">agrimonia@agrimoniaicompanyia.com<\/a><\/p>\n<p>Riera de Sant Miquel 65<\/p>\n<p>Barcelona<\/p>\n<p>Visitas con cita previa<\/p>\n\t\t<a\t\t\t\thref=\"javascript:void(0)\"\r\n\t\t\t\tclass=\"sgpb-show-popup sgpb-popup-id-670\"\r\n\t\tdata-sgpbpopupid=\"670\"\r\n\t\tdata-popup-event=\"click\"\r\n\t\t>\r\n\t\t<\/p>\n<p style=\"font-family: Quicksand;font-size: 13px;font-weight: 400;letter-spacing: 3\">Ver mapa<\/p>\n<p>\t\t<\/a>\r\n\t\t\n<p>[\/vc_column_text][\/vc_column_inner][vc_column_inner width=\u00bb1\/4&#8243;][\/vc_column_inner][\/vc_row_inner][\/vc_column][\/vc_row]<\/p>\n<\/div>","protected":false},"excerpt":{"rendered":"<p>[vc_row row_type=\u00bbparallax\u00bb text_align=\u00bbleft\u00bb background_image=\u00bb546&#8243; full_screen_section_height=\u00bbyes\u00bb vertically_align_content_in_middle=\u00bbyes\u00bb css=\u00bb.vc_custom_1583826911542{padding-top: 6% !important;padding-bottom: 5% !important;}\u00bb][vc_column width=\u00bb2\/3&#8243;][vc_column_text] P\u00eddenos presupuesto llamando al 932 172 615 o al 615 290 157 O escr\u00edbenos a agrimonia@agrimoniaicompanyia.com. &nbsp; Tambi\u00e9n puedes visitarnos, previa cita, en Riera de sant Miquel 65 de Barcelona. [\/vc_column_text][\/vc_column][vc_column css_animation=\u00bbslideInRight\u00bb width=\u00bb1\/3&#8243;][\/vc_column][\/vc_row][vc_row&#8230;<\/p>\n","protected":false},"author":5,"featured_media":0,"parent":0,"menu_order":0,"comment_status":"open","ping_status":"open","template":"full_width.php","meta":{"footnotes":""},"class_list":["post-769","page","type-page","status-publish","hentry"],"yoast_head":"<!-- This site is optimized with the Yoast SEO plugin v27.4 - https:\/\/yoast.com\/product\/yoast-seo-wordpress\/ -->\n<title>Agrim\u00f2nia i Companyia | Dise\u00f1o floral<\/title>\n<meta name=\"description\" content=\"Taller de dise\u00f1o floral. Decoraci\u00f3n floral para empresas, hoteles y restaurantes. Eventos, bodas y celebraciones.\" \/>\n<meta name=\"robots\" content=\"index, follow, max-snippet:-1, max-image-preview:large, max-video-preview:-1\" \/>\n<link rel=\"canonical\" href=\"https:\/\/www.agrimoniaicompanyia.com\/es\/\" \/>\n<meta property=\"og:locale\" content=\"es_ES\" \/>\n<meta property=\"og:type\" content=\"article\" \/>\n<meta property=\"og:title\" content=\"Agrim\u00f2nia i Companyia | Dise\u00f1o floral\" \/>\n<meta property=\"og:description\" content=\"Taller de dise\u00f1o floral. Decoraci\u00f3n floral para empresas, hoteles y restaurantes. Eventos, bodas y celebraciones.\" \/>\n<meta property=\"og:url\" content=\"https:\/\/www.agrimoniaicompanyia.com\/es\/\" \/>\n<meta property=\"og:site_name\" content=\"Agrim\u00f2nia\" \/>\n<meta property=\"article:modified_time\" content=\"2024-09-30T07:44:32+00:00\" \/>\n<meta name=\"twitter:card\" content=\"summary_large_image\" \/>\n<meta name=\"twitter:label1\" content=\"Tiempo de lectura\" \/>\n\t<meta name=\"twitter:data1\" content=\"2 minutos\" \/>\n<script type=\"application\/ld+json\" class=\"yoast-schema-graph\">{\"@context\":\"https:\\\/\\\/schema.org\",\"@graph\":[{\"@type\":\"WebPage\",\"@id\":\"https:\\\/\\\/www.agrimoniaicompanyia.com\\\/es\\\/\",\"url\":\"https:\\\/\\\/www.agrimoniaicompanyia.com\\\/es\\\/\",\"name\":\"Agrim\u00f2nia i Companyia | Dise\u00f1o floral\",\"isPartOf\":{\"@id\":\"https:\\\/\\\/www.agrimoniaicompanyia.com\\\/es\\\/#website\"},\"datePublished\":\"2015-09-23T09:31:58+00:00\",\"dateModified\":\"2024-09-30T07:44:32+00:00\",\"description\":\"Taller de dise\u00f1o floral. Decoraci\u00f3n floral para empresas, hoteles y restaurantes. Eventos, bodas y celebraciones.\",\"breadcrumb\":{\"@id\":\"https:\\\/\\\/www.agrimoniaicompanyia.com\\\/es\\\/#breadcrumb\"},\"inLanguage\":\"es\",\"potentialAction\":[{\"@type\":\"ReadAction\",\"target\":[\"https:\\\/\\\/www.agrimoniaicompanyia.com\\\/es\\\/\"]}]},{\"@type\":\"BreadcrumbList\",\"@id\":\"https:\\\/\\\/www.agrimoniaicompanyia.com\\\/es\\\/#breadcrumb\",\"itemListElement\":[{\"@type\":\"ListItem\",\"position\":1,\"name\":\"Home\",\"item\":\"https:\\\/\\\/www.agrimoniaicompanyia.com\\\/es\\\/\"},{\"@type\":\"ListItem\",\"position\":2,\"name\":\"Inicio\"}]},{\"@type\":\"WebSite\",\"@id\":\"https:\\\/\\\/www.agrimoniaicompanyia.com\\\/es\\\/#website\",\"url\":\"https:\\\/\\\/www.agrimoniaicompanyia.com\\\/es\\\/\",\"name\":\"Agrim\u00f2nia\",\"description\":\"Taller de disseny floral\",\"potentialAction\":[{\"@type\":\"SearchAction\",\"target\":{\"@type\":\"EntryPoint\",\"urlTemplate\":\"https:\\\/\\\/www.agrimoniaicompanyia.com\\\/es\\\/?s={search_term_string}\"},\"query-input\":{\"@type\":\"PropertyValueSpecification\",\"valueRequired\":true,\"valueName\":\"search_term_string\"}}],\"inLanguage\":\"es\"}]}<\/script>\n<!-- \/ Yoast SEO plugin. -->","yoast_head_json":{"title":"Agrim\u00f2nia i Companyia | Dise\u00f1o floral","description":"Taller de dise\u00f1o floral. Decoraci\u00f3n floral para empresas, hoteles y restaurantes. Eventos, bodas y celebraciones.","robots":{"index":"index","follow":"follow","max-snippet":"max-snippet:-1","max-image-preview":"max-image-preview:large","max-video-preview":"max-video-preview:-1"},"canonical":"https:\/\/www.agrimoniaicompanyia.com\/es\/","og_locale":"es_ES","og_type":"article","og_title":"Agrim\u00f2nia i Companyia | Dise\u00f1o floral","og_description":"Taller de dise\u00f1o floral. Decoraci\u00f3n floral para empresas, hoteles y restaurantes. Eventos, bodas y celebraciones.","og_url":"https:\/\/www.agrimoniaicompanyia.com\/es\/","og_site_name":"Agrim\u00f2nia","article_modified_time":"2024-09-30T07:44:32+00:00","twitter_card":"summary_large_image","twitter_misc":{"Tiempo de lectura":"2 minutos"},"schema":{"@context":"https:\/\/schema.org","@graph":[{"@type":"WebPage","@id":"https:\/\/www.agrimoniaicompanyia.com\/es\/","url":"https:\/\/www.agrimoniaicompanyia.com\/es\/","name":"Agrim\u00f2nia i Companyia | Dise\u00f1o floral","isPartOf":{"@id":"https:\/\/www.agrimoniaicompanyia.com\/es\/#website"},"datePublished":"2015-09-23T09:31:58+00:00","dateModified":"2024-09-30T07:44:32+00:00","description":"Taller de dise\u00f1o floral. Decoraci\u00f3n floral para empresas, hoteles y restaurantes. Eventos, bodas y celebraciones.","breadcrumb":{"@id":"https:\/\/www.agrimoniaicompanyia.com\/es\/#breadcrumb"},"inLanguage":"es","potentialAction":[{"@type":"ReadAction","target":["https:\/\/www.agrimoniaicompanyia.com\/es\/"]}]},{"@type":"BreadcrumbList","@id":"https:\/\/www.agrimoniaicompanyia.com\/es\/#breadcrumb","itemListElement":[{"@type":"ListItem","position":1,"name":"Home","item":"https:\/\/www.agrimoniaicompanyia.com\/es\/"},{"@type":"ListItem","position":2,"name":"Inicio"}]},{"@type":"WebSite","@id":"https:\/\/www.agrimoniaicompanyia.com\/es\/#website","url":"https:\/\/www.agrimoniaicompanyia.com\/es\/","name":"Agrim\u00f2nia","description":"Taller de disseny floral","potentialAction":[{"@type":"SearchAction","target":{"@type":"EntryPoint","urlTemplate":"https:\/\/www.agrimoniaicompanyia.com\/es\/?s={search_term_string}"},"query-input":{"@type":"PropertyValueSpecification","valueRequired":true,"valueName":"search_term_string"}}],"inLanguage":"es"}]}},"_links":{"self":[{"href":"https:\/\/www.agrimoniaicompanyia.com\/es\/wp-json\/wp\/v2\/pages\/769","targetHints":{"allow":["GET"]}}],"collection":[{"href":"https:\/\/www.agrimoniaicompanyia.com\/es\/wp-json\/wp\/v2\/pages"}],"about":[{"href":"https:\/\/www.agrimoniaicompanyia.com\/es\/wp-json\/wp\/v2\/types\/page"}],"author":[{"embeddable":true,"href":"https:\/\/www.agrimoniaicompanyia.com\/es\/wp-json\/wp\/v2\/users\/5"}],"replies":[{"embeddable":true,"href":"https:\/\/www.agrimoniaicompanyia.com\/es\/wp-json\/wp\/v2\/comments?post=769"}],"version-history":[{"count":10,"href":"https:\/\/www.agrimoniaicompanyia.com\/es\/wp-json\/wp\/v2\/pages\/769\/revisions"}],"predecessor-version":[{"id":908,"href":"https:\/\/www.agrimoniaicompanyia.com\/es\/wp-json\/wp\/v2\/pages\/769\/revisions\/908"}],"wp:attachment":[{"href":"https:\/\/www.agrimoniaicompanyia.com\/es\/wp-json\/wp\/v2\/media?parent=769"}],"curies":[{"name":"wp","href":"https:\/\/api.w.org\/{rel}","templated":true}]}}